{"id":63,"date":"2020-08-12T15:15:25","date_gmt":"2020-08-12T13:15:25","guid":{"rendered":"http:\/\/concyfw.cluster029.hosting.ovh.net\/?page_id=63"},"modified":"2020-08-14T16:37:12","modified_gmt":"2020-08-14T14:37:12","slug":"venir-au-cabinet","status":"publish","type":"page","link":"http:\/\/dr-manou-nathanael-chirurgiens-dentistes.fr\/index.php\/venir-au-cabinet\/","title":{"rendered":"Venir au cabinet"},"content":{"rendered":"\n<p>Le cabinet se trouve au 8, impasse de l&#8217;H\u00e9rault 60190 Estr\u00e9es-Saint-Denis. <\/p>\n\n\n\n<iframe width=\"500\" height=\"350\" src=\"https:\/\/www.openstreetmap.org\/export\/embed.html?bbox=2.6366490125656132%2C49.424995000266335%2C2.648595571517945%2C49.42928309837295&amp;layer=mapnik&amp;marker=49.42713909616862%2C2.6426222920417785\" frameborder=\"0\" marginwidth=\"0\" marginheight=\"0\" scrolling=\"no\" style=\"border: 0px solid black\"><\/iframe><small><a href=\"https:\/\/www.openstreetmap.org\/?mlat=49.42714&amp;mlon=2.64262#map=18\/49.42714\/2.64262&amp;layers=N\">Afficher une carte plus grande<\/a><\/small>\n\n\n\n<div style=\"height:20px\" aria-hidden=\"true\" class=\"wp-block-spacer\"><\/div>\n\n\n\n<p>Un parking est \u00e0 la disposition de nos patients.<\/p>\n","protected":false},"excerpt":{"rendered":"<p>Le cabinet se trouve au 8, impasse de l&#8217;H\u00e9rault 60190 Estr\u00e9es-Saint-Denis. Afficher une carte plus grande Un parking est \u00e0 la disposition de nos patients.<\/p>\n","protected":false},"author":1,"featured_media":51,"parent":0,"menu_order":0,"comment_status":"closed","ping_status":"closed","template":"","meta":[],"_links":{"self":[{"href":"http:\/\/dr-manou-nathanael-chirurgiens-dentistes.fr\/index.php\/wp-json\/wp\/v2\/pages\/63"}],"collection":[{"href":"http:\/\/dr-manou-nathanael-chirurgiens-dentistes.fr\/index.php\/wp-json\/wp\/v2\/pages"}],"about":[{"href":"http:\/\/dr-manou-nathanael-chirurgiens-dentistes.fr\/index.php\/wp-json\/wp\/v2\/types\/page"}],"author":[{"embeddable":true,"href":"http:\/\/dr-manou-nathanael-chirurgiens-dentistes.fr\/index.php\/wp-json\/wp\/v2\/users\/1"}],"replies":[{"embeddable":true,"href":"http:\/\/dr-manou-nathanael-chirurgiens-dentistes.fr\/index.php\/wp-json\/wp\/v2\/comments?post=63"}],"version-history":[{"count":17,"href":"http:\/\/dr-manou-nathanael-chirurgiens-dentistes.fr\/index.php\/wp-json\/wp\/v2\/pages\/63\/revisions"}],"predecessor-version":[{"id":102,"href":"http:\/\/dr-manou-nathanael-chirurgiens-dentistes.fr\/index.php\/wp-json\/wp\/v2\/pages\/63\/revisions\/102"}],"wp:featuredmedia":[{"embeddable":true,"href":"http:\/\/dr-manou-nathanael-chirurgiens-dentistes.fr\/index.php\/wp-json\/wp\/v2\/media\/51"}],"wp:attachment":[{"href":"http:\/\/dr-manou-nathanael-chirurgiens-dentistes.fr\/index.php\/wp-json\/wp\/v2\/media?parent=63"}],"curies":[{"name":"wp","href":"https:\/\/api.w.org\/{rel}","templated":true}]}}