{"id":17,"date":"2020-08-12T14:32:31","date_gmt":"2020-08-12T12:32:31","guid":{"rendered":"http:\/\/concyfw.cluster029.hosting.ovh.net\/?page_id=17"},"modified":"2020-08-12T15:08:00","modified_gmt":"2020-08-12T13:08:00","slug":"accueil","status":"publish","type":"page","link":"http:\/\/dr-manou-nathanael-chirurgiens-dentistes.fr\/","title":{"rendered":"Dr Manou Nathana\u00ebl"},"content":{"rendered":"\n<p>Chirurgien dentiste dipl\u00f4m\u00e9 de la facult\u00e9 de chirurgie dentaire Paris V, D.U implantaire et proth\u00e8se implant de l&#8217;h\u00f4pital Cochin, ancien interne des H\u00f4pitaux de Paris, assistant hospito-universitaire en proth\u00e8se \u00e0 la facult\u00e9 dentaire de Paris V.<\/p>\n","protected":false},"excerpt":{"rendered":"<p>Chirurgien dentiste dipl\u00f4m\u00e9 de la facult\u00e9 de chirurgie dentaire Paris V, D.U implantaire et proth\u00e8se implant de l&#8217;h\u00f4pital Cochin, ancien interne des H\u00f4pitaux de Paris, assistant hospito-universitaire en proth\u00e8se \u00e0 la facult\u00e9 dentaire de Paris V.<\/p>\n","protected":false},"author":1,"featured_media":0,"parent":0,"menu_order":0,"comment_status":"closed","ping_status":"closed","template":"","meta":[],"_links":{"self":[{"href":"http:\/\/dr-manou-nathanael-chirurgiens-dentistes.fr\/index.php\/wp-json\/wp\/v2\/pages\/17"}],"collection":[{"href":"http:\/\/dr-manou-nathanael-chirurgiens-dentistes.fr\/index.php\/wp-json\/wp\/v2\/pages"}],"about":[{"href":"http:\/\/dr-manou-nathanael-chirurgiens-dentistes.fr\/index.php\/wp-json\/wp\/v2\/types\/page"}],"author":[{"embeddable":true,"href":"http:\/\/dr-manou-nathanael-chirurgiens-dentistes.fr\/index.php\/wp-json\/wp\/v2\/users\/1"}],"replies":[{"embeddable":true,"href":"http:\/\/dr-manou-nathanael-chirurgiens-dentistes.fr\/index.php\/wp-json\/wp\/v2\/comments?post=17"}],"version-history":[{"count":4,"href":"http:\/\/dr-manou-nathanael-chirurgiens-dentistes.fr\/index.php\/wp-json\/wp\/v2\/pages\/17\/revisions"}],"predecessor-version":[{"id":59,"href":"http:\/\/dr-manou-nathanael-chirurgiens-dentistes.fr\/index.php\/wp-json\/wp\/v2\/pages\/17\/revisions\/59"}],"wp:attachment":[{"href":"http:\/\/dr-manou-nathanael-chirurgiens-dentistes.fr\/index.php\/wp-json\/wp\/v2\/media?parent=17"}],"curies":[{"name":"wp","href":"https:\/\/api.w.org\/{rel}","templated":true}]}}